{"id":32268,"date":"2024-12-17T10:07:02","date_gmt":"2024-12-17T02:07:02","guid":{"rendered":"https:\/\/juzzstaging.com\/tum-asia.edu.sg\/?page_id=32268"},"modified":"2025-03-21T11:05:06","modified_gmt":"2025-03-21T03:05:06","slug":"graduate-studies-requirements","status":"publish","type":"page","link":"https:\/\/tum-asia.edu.sg\/cn\/admissions\/graduate-studies\/requirements\/","title":{"rendered":"\u7855\u58eb\u5165\u5b66\u8981\u6c42"},"content":{"rendered":"<div data-elementor-type=\"wp-page\" data-elementor-id=\"32268\" class=\"elementor elementor-32268\" data-elementor-post-type=\"page\">\n\t\t\t\t<div class=\"elementor-element elementor-element-101aa13 e-flex e-con-boxed e-con e-parent\" data-id=\"101aa13\" data-element_type=\"container\">\n\t\t\t\t\t<div class=\"e-con-inner\">\n\t\t<div class=\"elementor-element elementor-element-b94f97f e-con-full e-flex e-con e-child\" data-id=\"b94f97f\" data-element_type=\"container\">\n\t\t\t\t<div class=\"elementor-element elementor-element-e446c68 elementor-widget elementor-widget-heading\" data-id=\"e446c68\" data-element_type=\"widget\" data-widget_type=\"heading.default\">\n\t\t\t\t<div class=\"elementor-widget-container\">\n\t\t\t\t\t<h3 class=\"elementor-heading-title elementor-size-default\">\u4e00\u822c\u8981\u6c42\n<\/h3>\t\t\t\t<\/div>\n\t\t\t\t<\/div>\n\t\t\t\t<div class=\"elementor-element elementor-element-db31149 elementor-widget elementor-widget-text-editor\" data-id=\"db31149\" data-element_type=\"widget\" data-widget_type=\"text-editor.default\">\n\t\t\t\t<div class=\"elementor-widget-container\">\n\t\t\t\t\t\t\t\t\t<ul><li>\u6301\u6709\u76f8\u5173\u5b66\u79d1\u7684\u5b66\u58eb\u5b66\u4f4d\uff08\u8bfe\u7a0b\u6301\u7eed\u65f6\u95f4\u81f3\u5c11\u4e3a\u4e09\u5e74\uff0c\u5177\u4f53\u53d6\u51b3\u4e8e\u60a8\u7684\u6559\u80b2\u80cc\u666f\uff09\uff0c\u5e76\u83b7\u5f97\u81f3\u5c11\u4e8c\u7b49\u4e0a\u8363\u8a89\u5b66\u4f4d\u6216\u540c\u7b49\u8d44\u683c\u3002<\/li><li>\u60a8\u5fc5\u987b\u5728\u5165\u5b66\u5f53\u5e74\u76846\u670830\u65e5\u4e4b\u524d\u5b8c\u6210\u5b66\u58eb\u5b66\u4f4d\u8bfe\u7a0b\uff0c\u4e14\u6ca1\u6709\u672a\u5b8c\u6210\u7684\u8003\u8bd5\u6210\u7ee9\uff0c\u4ee5\u4fbf\u53ca\u65f6\u6ce8\u518c\u3002<\/li><\/ul>\t\t\t\t\t\t\t\t<\/div>\n\t\t\t\t<\/div>\n\t\t\t\t<\/div>\n\t\t<div class=\"elementor-element elementor-element-3c052e2 e-con-full e-flex e-con e-child\" data-id=\"3c052e2\" data-element_type=\"container\">\n\t\t\t\t<div class=\"elementor-element elementor-element-68d6586 elementor-widget elementor-widget-heading\" data-id=\"68d6586\" data-element_type=\"widget\" data-widget_type=\"heading.default\">\n\t\t\t\t<div class=\"elementor-widget-container\">\n\t\t\t\t\t<h3 class=\"elementor-heading-title elementor-size-default\">\u8bed\u8a00\u8981\u6c42<\/h3>\t\t\t\t<\/div>\n\t\t\t\t<\/div>\n\t\t\t\t<div class=\"elementor-element elementor-element-5da4561 elementor-widget elementor-widget-text-editor\" data-id=\"5da4561\" data-element_type=\"widget\" data-widget_type=\"text-editor.default\">\n\t\t\t\t<div class=\"elementor-widget-container\">\n\t\t\t\t\t\t\t\t\t<ul><li>\u5982\u679c\u60a8\u7684\u6574\u4e2a\u5b66\u58eb\u8bfe\u7a0b\u4ee5\u82f1\u8bed\u6388\u8bfe\uff0c\u5e76\u5728\u6210\u7ee9\u5355\u6216\u5b66\u4f4d\u8bc1\u4e66\u4e0a\u660e\u786e\u6ce8\u660e\uff0c\u5219\u65e0\u9700\u63d0\u4ea4\u989d\u5916\u7684\u82f1\u8bed\u80fd\u529b\u8bc1\u660e\u3002<\/li><li>\u5982\u679c\u6210\u7ee9\u5355\u6216\u8bc1\u4e66\u672a\u660e\u786e\u6ce8\u660e\u82f1\u8bed\u4e3a\u6388\u8bfe\u8bed\u8a00\uff0c\u5219\u5fc5\u987b\u63d0\u4f9b\u5927\u5b66\u51fa\u5177\u7684\u5e26\u6709\u5b98\u65b9\u5706\u5f62\u5370\u7ae0\u7684\u539f\u4ef6\u4fe1\u51fd\uff0c\u4ee5\u786e\u8ba4\u5b66\u58eb\u8bfe\u7a0b\u4ee5\u82f1\u8bed\u6388\u8bfe\u3002<\/li><li>\u5982\u679c\u65e0\u6cd5\u83b7\u5f97\u6b64\u7c7b\u4fe1\u51fd\uff0c\u5219\u9700\u8981\u63d0\u4ea4\u82f1\u8bed\u80fd\u529b\u8bc1\u660e\u3002\u5b66\u58eb\u8bfe\u7a0b\u672a\u5b8c\u5168\u4ee5\u82f1\u8bed\u6388\u8bfe\u7684\u7533\u8bf7\u4eba\u5fc5\u987b\u63d0\u4ea4\u6709\u6548\u7684TOEFL\u6210\u7ee9\uff08\u7f51\u800388\u5206\u6216\u4ee5\u4e0a\uff09\u6216IELTS\u603b\u5206\u81f3\u5c116.5\u5206\u3002<\/li><li>\u672a\u63d0\u4ea4\u6240\u9700\u82f1\u8bed\u8bc1\u4e66\u7684\u7533\u8bf7\u5c06\u88ab\u63a5\u53d7\uff0c\u4f46\u5728\u7533\u8bf7\u4eba\u901a\u8fc7\u82f1\u8bed\u8003\u8bd5\u4e4b\u524d\uff0c\u6700\u7ec8\u7ed3\u679c\u4e0d\u4f1a\u516c\u5e03\u3002<\/li><li>TOEFL\u548cIELTS\u6210\u7ee9\u5728\u7533\u8bf7\u65f6\u4e0d\u5f97\u8d85\u8fc72\u5e74\u3002\u5982\u679c\u6210\u7ee9\u8d85\u8fc72\u5e74\u6709\u6548\u671f\uff0c\u60a8\u9700\u8981\u91cd\u65b0\u53c2\u52a0\u8003\u8bd5\u3002<\/li><\/ul>\t\t\t\t\t\t\t\t<\/div>\n\t\t\t\t<\/div>\n\t\t\t\t<\/div>\n\t\t<div class=\"elementor-element elementor-element-e71a333 e-con-full e-flex e-con e-child\" data-id=\"e71a333\" data-element_type=\"container\">\n\t\t\t\t<div class=\"elementor-element elementor-element-0f1ed39 elementor-widget elementor-widget-heading\" data-id=\"0f1ed39\" data-element_type=\"widget\" data-widget_type=\"heading.default\">\n\t\t\t\t<div class=\"elementor-widget-container\">\n\t\t\t\t\t<h3 class=\"elementor-heading-title elementor-size-default\">\u5b66\u672f\u8bc4\u4f30\u529e\u516c\u5ba4\uff08APS\uff09\u8bc1\u4e66\u8981\u6c42<\/h3>\t\t\t\t<\/div>\n\t\t\t\t<\/div>\n\t\t\t\t<div class=\"elementor-element elementor-element-4291515 elementor-widget elementor-widget-text-editor\" data-id=\"4291515\" data-element_type=\"widget\" data-widget_type=\"text-editor.default\">\n\t\t\t\t<div class=\"elementor-widget-container\">\n\t\t\t\t\t\t\t\t\t<ul><li>\u6301\u6709\u4e2d\u56fd\u3001\u5370\u5ea6\u6216\u8d8a\u5357\u5927\u5b66\u5b66\u58eb\u5b66\u4f4d\u7684\u7533\u8bf7\u4eba\u5fc5\u987b\u63d0\u4f9b\u5fb7\u56fd\u5927\u5b66\u5165\u5b66\u6240\u9700\u7684\u5b66\u672f\u8bc4\u4f30\u529e\u516c\u5ba4\uff08APS\uff09\u8bc1\u4e66\u3002<\/li><li>APS\u8bc1\u4e66\u662f\u7533\u8bf7\u7684\u5fc5\u8981\u6761\u4ef6\u3002\u672a\u63d0\u4ea4APS\u8bc1\u4e66\u610f\u5473\u7740\u60a8\u4ecd\u53ef\u4ee5\u7533\u8bf7\uff0c\u4f46\u5728\u901a\u8fc7APS\u8003\u8bd5\u4e4b\u524d\uff0c\u7533\u8bf7\u7ed3\u679c\u4e0d\u4f1a\u516c\u5e03\u3002<\/li><\/ul><p>APS\u5370\u5ea6\u7533\u8bf7\u4eba\uff1a<\/p><ul><li>\u6700\u540e\u4e00\u5e74\u7684\u5b66\u751f\u6216\u5c1a\u672a\u6bd5\u4e1a\u7684\u5b66\u751f\u5fc5\u987b\u9075\u5faa\u201c2\u5b66\u671f\u672c\u79d1\u751f\u6e05\u5355\u201d\uff0c\u5e76\u81f3\u5c11\u5b8c\u6210\u5b66\u58eb\u5b66\u4f4d\u76842\u4e2a\u5b66\u671f\u3002<\/li><li>\u5df2\u6bd5\u4e1a\u5e76\u6301\u6709\u4e34\u65f6\u8bc1\u4e66\u548c\u7efc\u5408\u6210\u7ee9\u5355\u7684\u6bd5\u4e1a\u751f\u5fc5\u987b\u9075\u5faa\u201c\u6bd5\u4e1a\u751f\/\u7814\u7a76\u751f\u6e05\u5355\u201d\u3002<\/li><li class=\"translation-block\">\u53ef\u901a\u8fc7<a href=\"https:\/\/aps-india.de\/checklists\/\" target=\"_blank\" rel=\"noopener\">APS\u5370\u5ea6\u5b98\u65b9\u7f51\u7ad9<\/a>\u8bbf\u95ee\u6e05\u5355\u3002<\/li><li>\u5982\u6709\u4efb\u4f55\u7591\u95ee\uff0c\u8bf7\u8054\u7cfb\u6211\u4eec\u7684\u62db\u751f\u56e2\u961f\u4ee5\u83b7\u53d6\u6f84\u6e05\u3002<\/li><\/ul>\t\t\t\t\t\t\t\t<\/div>\n\t\t\t\t<\/div>\n\t\t\t\t<\/div>\n\t\t\t\t\t<\/div>\n\t\t\t\t<\/div>\n\t\t\t\t<\/div>","protected":false},"excerpt":{"rendered":"<p>General Requirement The basic admission requirements for all our Master programmes include holding a Bachelor\u2019s degree (with a programme duration of at least three years, depending on your education background) in a closely related discipline, with at least Upper Second-class Honours or an equivalent qualification. You must also complete your Bachelor\u2019s degree programme with no [&hellip;]<\/p>","protected":false},"author":16,"featured_media":32520,"parent":0,"menu_order":0,"comment_status":"closed","ping_status":"closed","template":"","meta":{"_acf_changed":false,"footnotes":""},"class_list":["post-32268","page","type-page","status-publish","has-post-thumbnail","hentry"],"acf":[],"yoast_head":"<!-- This site is optimized with the Yoast SEO plugin v26.6 - https:\/\/yoast.com\/wordpress\/plugins\/seo\/ -->\n<title>TUM Asia<\/title>\n<meta name=\"description\" content=\"Technische Universit\u00e4t M\u00fcnchen (TUM, Technical University Munich) is Germany&#039;s #1 university and one of Europe&#039;s top institutions in science &amp; engineering.\" \/>\n<meta name=\"robots\" content=\"index, follow, max-snippet:-1, max-image-preview:large, max-video-preview:-1\" \/>\n<link rel=\"canonical\" href=\"https:\/\/tum-asia.edu.sg\/cn\/admissions\/graduate-studies\/requirements\/\" \/>\n<meta property=\"og:locale\" content=\"zh_CN\" \/>\n<meta property=\"og:type\" content=\"article\" \/>\n<meta property=\"og:title\" content=\"Technische Universit\u00e4t M\u00fcnchen (TUM) - TUM Asia\" \/>\n<meta property=\"og:description\" content=\"Technische Universit\u00e4t M\u00fcnchen (TUM, Technical University Munich) is Germany&#039;s #1 university and one of Europe&#039;s top institutions in science &amp; engineering.\" \/>\n<meta property=\"og:url\" content=\"https:\/\/tum-asia.edu.sg\/cn\/admissions\/graduate-studies\/requirements\/\" \/>\n<meta property=\"og:site_name\" content=\"TUM Asia\" \/>\n<meta property=\"article:publisher\" content=\"https:\/\/www.facebook.com\/tum.asia\/\" \/>\n<meta property=\"article:modified_time\" content=\"2025-03-21T03:05:06+00:00\" \/>\n<meta property=\"og:image\" content=\"https:\/\/tum-asia.edu.sg\/wp-content\/uploads\/2024\/12\/Graduate-Studies-Requirements.jpg\" \/>\n\t<meta property=\"og:image:width\" content=\"1500\" \/>\n\t<meta property=\"og:image:height\" content=\"500\" \/>\n\t<meta property=\"og:image:type\" content=\"image\/jpeg\" \/>\n<meta name=\"twitter:label1\" content=\"\u9884\u8ba1\u9605\u8bfb\u65f6\u95f4\" \/>\n\t<meta name=\"twitter:data1\" content=\"2 \u5206\" \/>\n<!-- \/ Yoast SEO plugin. -->","yoast_head_json":{"title":"TUM Asia","description":"Technische Universit\u00e4t M\u00fcnchen (TUM, Technical University Munich) is Germany's #1 university and one of Europe's top institutions in science & engineering.","robots":{"index":"index","follow":"follow","max-snippet":"max-snippet:-1","max-image-preview":"max-image-preview:large","max-video-preview":"max-video-preview:-1"},"canonical":"https:\/\/tum-asia.edu.sg\/cn\/admissions\/graduate-studies\/requirements\/","og_locale":"zh_CN","og_type":"article","og_title":"Technische Universit\u00e4t M\u00fcnchen (TUM) - TUM Asia","og_description":"Technische Universit\u00e4t M\u00fcnchen (TUM, Technical University Munich) is Germany's #1 university and one of Europe's top institutions in science & engineering.","og_url":"https:\/\/tum-asia.edu.sg\/cn\/admissions\/graduate-studies\/requirements\/","og_site_name":"TUM Asia","article_publisher":"https:\/\/www.facebook.com\/tum.asia\/","article_modified_time":"2025-03-21T03:05:06+00:00","og_image":[{"width":1500,"height":500,"url":"https:\/\/tum-asia.edu.sg\/wp-content\/uploads\/2024\/12\/Graduate-Studies-Requirements.jpg","type":"image\/jpeg"}],"twitter_misc":{"\u9884\u8ba1\u9605\u8bfb\u65f6\u95f4":"2 \u5206"},"schema":{"@context":"https:\/\/schema.org","@graph":[{"@type":"WebPage","@id":"https:\/\/tum-asia.edu.sg\/cn\/admissions\/graduate-studies\/requirements\/","url":"https:\/\/tum-asia.edu.sg\/cn\/admissions\/graduate-studies\/requirements\/","name":"Technische Universit\u00e4t M\u00fcnchen (TUM) - TUM Asia","isPartOf":{"@id":"https:\/\/tum-asia.edu.sg\/cn\/#website"},"primaryImageOfPage":{"@id":"https:\/\/tum-asia.edu.sg\/cn\/admissions\/graduate-studies\/requirements\/#primaryimage"},"image":{"@id":"https:\/\/tum-asia.edu.sg\/cn\/admissions\/graduate-studies\/requirements\/#primaryimage"},"thumbnailUrl":"https:\/\/tum-asia.edu.sg\/wp-content\/uploads\/2024\/12\/Graduate-Studies-Requirements.jpg","datePublished":"2024-12-17T02:07:02+00:00","dateModified":"2025-03-21T03:05:06+00:00","description":"Technische Universit\u00e4t M\u00fcnchen (TUM, Technical University Munich) is Germany's #1 university and one of Europe's top institutions in science & engineering.","breadcrumb":{"@id":"https:\/\/tum-asia.edu.sg\/cn\/admissions\/graduate-studies\/requirements\/#breadcrumb"},"inLanguage":"zh-Hans","potentialAction":[{"@type":"ReadAction","target":["https:\/\/tum-asia.edu.sg\/cn\/admissions\/graduate-studies\/requirements\/"]}]},{"@type":"ImageObject","inLanguage":"zh-Hans","@id":"https:\/\/tum-asia.edu.sg\/cn\/admissions\/graduate-studies\/requirements\/#primaryimage","url":"https:\/\/tum-asia.edu.sg\/wp-content\/uploads\/2024\/12\/Graduate-Studies-Requirements.jpg","contentUrl":"https:\/\/tum-asia.edu.sg\/wp-content\/uploads\/2024\/12\/Graduate-Studies-Requirements.jpg","width":1500,"height":500},{"@type":"BreadcrumbList","@id":"https:\/\/tum-asia.edu.sg\/cn\/admissions\/graduate-studies\/requirements\/#breadcrumb","itemListElement":[{"@type":"ListItem","position":1,"name":"Home","item":"https:\/\/tum-asia.edu.sg\/"},{"@type":"ListItem","position":2,"name":"Graduate Studies Requirements"}]},{"@type":"WebSite","@id":"https:\/\/tum-asia.edu.sg\/cn\/#website","url":"https:\/\/tum-asia.edu.sg\/cn\/","name":"TUM Asia","description":"Technical University of Munich Asia","publisher":{"@id":"https:\/\/tum-asia.edu.sg\/cn\/#organization"},"potentialAction":[{"@type":"SearchAction","target":{"@type":"EntryPoint","urlTemplate":"https:\/\/tum-asia.edu.sg\/cn\/?s={search_term_string}"},"query-input":{"@type":"PropertyValueSpecification","valueRequired":true,"valueName":"search_term_string"}}],"inLanguage":"zh-Hans"},{"@type":"Organization","@id":"https:\/\/tum-asia.edu.sg\/cn\/#organization","name":"TUM Asia","url":"https:\/\/tum-asia.edu.sg\/cn\/","logo":{"@type":"ImageObject","inLanguage":"zh-Hans","@id":"https:\/\/tum-asia.edu.sg\/cn\/#\/schema\/logo\/image\/","url":"https:\/\/tum-asia.edu.sg\/wp-content\/uploads\/2024\/12\/tum-main-logo.png","contentUrl":"https:\/\/tum-asia.edu.sg\/wp-content\/uploads\/2024\/12\/tum-main-logo.png","width":585,"height":235,"caption":"TUM Asia"},"image":{"@id":"https:\/\/tum-asia.edu.sg\/cn\/#\/schema\/logo\/image\/"},"sameAs":["https:\/\/www.facebook.com\/tum.asia\/","https:\/\/www.instagram.com\/tum_asia\/"]}]}},"_links":{"self":[{"href":"https:\/\/tum-asia.edu.sg\/cn\/wp-json\/wp\/v2\/pages\/32268","targetHints":{"allow":["GET"]}}],"collection":[{"href":"https:\/\/tum-asia.edu.sg\/cn\/wp-json\/wp\/v2\/pages"}],"about":[{"href":"https:\/\/tum-asia.edu.sg\/cn\/wp-json\/wp\/v2\/types\/page"}],"author":[{"embeddable":true,"href":"https:\/\/tum-asia.edu.sg\/cn\/wp-json\/wp\/v2\/users\/16"}],"replies":[{"embeddable":true,"href":"https:\/\/tum-asia.edu.sg\/cn\/wp-json\/wp\/v2\/comments?post=32268"}],"version-history":[{"count":14,"href":"https:\/\/tum-asia.edu.sg\/cn\/wp-json\/wp\/v2\/pages\/32268\/revisions"}],"predecessor-version":[{"id":49365,"href":"https:\/\/tum-asia.edu.sg\/cn\/wp-json\/wp\/v2\/pages\/32268\/revisions\/49365"}],"wp:featuredmedia":[{"embeddable":true,"href":"https:\/\/tum-asia.edu.sg\/cn\/wp-json\/wp\/v2\/media\/32520"}],"wp:attachment":[{"href":"https:\/\/tum-asia.edu.sg\/cn\/wp-json\/wp\/v2\/media?parent=32268"}],"curies":[{"name":"wp","href":"https:\/\/api.w.org\/{rel}","templated":true}]}}